{"id":243,"date":"2026-02-18T00:14:11","date_gmt":"2026-02-18T05:14:11","guid":{"rendered":"http:\/\/localhost\/weblocal\/?post_type=product&#038;p=243"},"modified":"2026-02-18T00:14:55","modified_gmt":"2026-02-18T05:14:55","slug":"malla-para-casco","status":"publish","type":"product","link":"https:\/\/adosruedasimport.com\/index.php\/product\/malla-para-casco\/","title":{"rendered":"Malla para casco"},"content":{"rendered":"<ul class=\"a-unordered-list a-vertical a-spacing-mini\">\n<li>Red el\u00e1stica de cuerda para fijar el casco, equipaje, bolsas u otros objetos al asiento trasero de su esc\u00fater o moto. El material el\u00e1stico sujeta el equipaje con firmeza en su sitio. Con 6\u00a0ganchos de metal, resistentes y fuertes, recubiertos de pl\u00e1stico para no ara\u00f1ar la carrocer\u00eda del veh\u00edculo.<\/li>\n<li><span class=\"a-list-item\">F\u00e1cil de instalar. Antes de comprar el producto, compruebe si su moto o esc\u00fater est\u00e1 preparada para fijar ganchos.<\/span><\/li>\n<li><span class=\"a-list-item\">Vers\u00e1til tanto por su uso como por su tama\u00f1o. Color: rojo. Material: cuerda y metal.<\/span><\/li>\n<li><span class=\"a-list-item\">Dimensiones: 30 x 30\u00a0cm (sin extender). Cuando est\u00e1 extendida, el tama\u00f1o puede triplicarse. Embalaje: a granel, en una sencilla bolsa de pl\u00e1stico, para un mayor ahorro y ligereza del embalaje.<\/span><\/li>\n<\/ul>\n","protected":false},"excerpt":{"rendered":"<p>Malla para casco multiusos<\/p>\n<p>Colores disponibles<\/p>\n<p>Ideal para transportar tu casco o mochila<\/p>\n","protected":false},"featured_media":244,"comment_status":"open","ping_status":"closed","template":"","meta":{"om_disable_all_campaigns":false,"_uag_custom_page_level_css":"","_monsterinsights_skip_tracking":false,"_monsterinsights_sitenote_active":false,"_monsterinsights_sitenote_note":"","_monsterinsights_sitenote_category":0,"_uf_show_specific_survey":0,"_uf_disable_surveys":false,"site-sidebar-layout":"default","site-content-layout":"","ast-site-content-layout":"default","site-content-style":"default","site-sidebar-style":"default","ast-global-header-display":"","ast-banner-title-visibility":"","ast-main-header-display":"","ast-hfb-above-header-display":"","ast-hfb-below-header-display":"","ast-hfb-mobile-header-display":"","site-post-title":"","ast-breadcrumbs-content":"","ast-featured-img":"","footer-sml-layout":"","ast-disable-related-posts":"","theme-transparent-header-meta":"default","adv-header-id-meta":"","stick-header-meta":"","header-above-stick-meta":"","header-main-stick-meta":"","header-below-stick-meta":"","astra-migrate-meta-layouts":"set","ast-page-background-enabled":"default","ast-page-background-meta":{"desktop":{"background-color":"var(--ast-global-color-5)","background-image":"","background-repeat":"repeat","background-position":"center center","background-size":"auto","background-attachment":"scroll","background-type":"","background-media":"","overlay-type":"","overlay-color":"","overlay-opacity":"","overlay-gradient":""},"tablet":{"background-color":"","background-image":"","background-repeat":"repeat","background-position":"center center","background-size":"auto","background-attachment":"scroll","background-type":"","background-media":"","overlay-type":"","overlay-color":"","overlay-opacity":"","overlay-gradient":""},"mobile":{"background-color":"","background-image":"","background-repeat":"repeat","background-position":"center center","background-size":"auto","background-attachment":"scroll","background-type":"","background-media":"","overlay-type":"","overlay-color":"","overlay-opacity":"","overlay-gradient":""}},"ast-content-background-meta":{"desktop":{"background-color":"var(--ast-global-color-4)","background-image":"","background-repeat":"repeat","background-position":"center center","background-size":"auto","background-attachment":"scroll","background-type":"","background-media":"","overlay-type":"","overlay-color":"","overlay-opacity":"","overlay-gradient":""},"tablet":{"background-color":"var(--ast-global-color-4)","background-image":"","background-repeat":"repeat","background-position":"center center","background-size":"auto","background-attachment":"scroll","background-type":"","background-media":"","overlay-type":"","overlay-color":"","overlay-opacity":"","overlay-gradient":""},"mobile":{"background-color":"var(--ast-global-color-4)","background-image":"","background-repeat":"repeat","background-position":"center center","background-size":"auto","background-attachment":"scroll","background-type":"","background-media":"","overlay-type":"","overlay-color":"","overlay-opacity":"","overlay-gradient":""}},"_joinchat":[]},"product_brand":[],"product_cat":[21],"product_tag":[],"class_list":{"0":"post-243","1":"product","2":"type-product","3":"status-publish","4":"has-post-thumbnail","6":"product_cat-accesorios","7":"desktop-align-center","8":"tablet-align-left","9":"mobile-align-center","11":"first","12":"instock","13":"shipping-taxable","14":"purchasable","15":"product-type-simple"},"aioseo_notices":[],"uagb_featured_image_src":{"full":["https:\/\/adosruedasimport.com\/wp-content\/uploads\/2026\/02\/malla-para-casco.png",1080,1080,false],"thumbnail":["https:\/\/adosruedasimport.com\/wp-content\/uploads\/2026\/02\/malla-para-casco.png",150,150,false],"medium":["https:\/\/adosruedasimport.com\/wp-content\/uploads\/2026\/02\/malla-para-casco.png",300,300,false],"medium_large":["https:\/\/adosruedasimport.com\/wp-content\/uploads\/2026\/02\/malla-para-casco.png",768,768,false],"large":["https:\/\/adosruedasimport.com\/wp-content\/uploads\/2026\/02\/malla-para-casco.png",1024,1024,false],"1536x1536":["https:\/\/adosruedasimport.com\/wp-content\/uploads\/2026\/02\/malla-para-casco.png",1080,1080,false],"2048x2048":["https:\/\/adosruedasimport.com\/wp-content\/uploads\/2026\/02\/malla-para-casco.png",1080,1080,false],"woocommerce_thumbnail":["https:\/\/adosruedasimport.com\/wp-content\/uploads\/2026\/02\/malla-para-casco.png",300,300,false],"woocommerce_single":["https:\/\/adosruedasimport.com\/wp-content\/uploads\/2026\/02\/malla-para-casco.png",600,600,false],"woocommerce_gallery_thumbnail":["https:\/\/adosruedasimport.com\/wp-content\/uploads\/2026\/02\/malla-para-casco.png",100,100,false],"variation_swatches_image_size":["https:\/\/adosruedasimport.com\/wp-content\/uploads\/2026\/02\/malla-para-casco.png",50,50,false],"variation_swatches_tooltip_size":["https:\/\/adosruedasimport.com\/wp-content\/uploads\/2026\/02\/malla-para-casco.png",100,100,false],"dgwt-wcas-product-suggestion":["https:\/\/adosruedasimport.com\/wp-content\/uploads\/2026\/02\/malla-para-casco.png",64,64,false]},"uagb_author_info":{"display_name":"adosruedas","author_link":"https:\/\/adosruedasimport.com\/index.php\/author\/"},"uagb_comment_info":0,"uagb_excerpt":"Malla para casco multiusos Colores disponibles Ideal para transportar tu casco o mochila","_links":{"self":[{"href":"https:\/\/adosruedasimport.com\/index.php\/wp-json\/wp\/v2\/product\/243","targetHints":{"allow":["GET"]}}],"collection":[{"href":"https:\/\/adosruedasimport.com\/index.php\/wp-json\/wp\/v2\/product"}],"about":[{"href":"https:\/\/adosruedasimport.com\/index.php\/wp-json\/wp\/v2\/types\/product"}],"replies":[{"embeddable":true,"href":"https:\/\/adosruedasimport.com\/index.php\/wp-json\/wp\/v2\/comments?post=243"}],"wp:featuredmedia":[{"embeddable":true,"href":"https:\/\/adosruedasimport.com\/index.php\/wp-json\/wp\/v2\/media\/244"}],"wp:attachment":[{"href":"https:\/\/adosruedasimport.com\/index.php\/wp-json\/wp\/v2\/media?parent=243"}],"wp:term":[{"taxonomy":"product_brand","embeddable":true,"href":"https:\/\/adosruedasimport.com\/index.php\/wp-json\/wp\/v2\/product_brand?post=243"},{"taxonomy":"product_cat","embeddable":true,"href":"https:\/\/adosruedasimport.com\/index.php\/wp-json\/wp\/v2\/product_cat?post=243"},{"taxonomy":"product_tag","embeddable":true,"href":"https:\/\/adosruedasimport.com\/index.php\/wp-json\/wp\/v2\/product_tag?post=243"}],"curies":[{"name":"wp","href":"https:\/\/api.w.org\/{rel}","templated":true}]}}