{"id":50,"date":"2026-02-08T23:42:55","date_gmt":"2026-02-09T04:42:55","guid":{"rendered":"http:\/\/localhost\/weblocal\/?post_type=product&#038;p=50"},"modified":"2026-02-08T23:51:46","modified_gmt":"2026-02-09T04:51:46","slug":"soporte-celular-antivibracion-8-agarres","status":"publish","type":"product","link":"https:\/\/adosruedasimport.com\/index.php\/product\/soporte-celular-antivibracion-8-agarres\/","title":{"rendered":"Soporte celular antivibraci\u00f3n 8 agarres"},"content":{"rendered":"<p>Soporte de celular anti vibraci\u00f3n, este ser\u00e1 el \u00faltimo soporte que necesites comprar, el holder anti vibraci\u00f3n ayuda a que puedas ver tus rutas desde tu celular.<\/p>\n<p>8 agarres reforzado<br \/>\nMaterial de aluminio<br \/>\nConsulta soporte de tim\u00f3n\/espejo<br \/>\nCompatible con todos los modelos de celular<\/p>\n","protected":false},"excerpt":{"rendered":"<p>Material: Aluminio<br \/>\nBase: espejo\/tim\u00f3n<br \/>\n8 agarres<br \/>\nSoporte anti vibraci\u00f3n<\/p>\n","protected":false},"featured_media":51,"comment_status":"open","ping_status":"closed","template":"","meta":{"om_disable_all_campaigns":false,"_uag_custom_page_level_css":"","_monsterinsights_skip_tracking":false,"_monsterinsights_sitenote_active":false,"_monsterinsights_sitenote_note":"","_monsterinsights_sitenote_category":0,"_uf_show_specific_survey":0,"_uf_disable_surveys":false,"site-sidebar-layout":"default","site-content-layout":"","ast-site-content-layout":"default","site-content-style":"default","site-sidebar-style":"default","ast-global-header-display":"","ast-banner-title-visibility":"","ast-main-header-display":"","ast-hfb-above-header-display":"","ast-hfb-below-header-display":"","ast-hfb-mobile-header-display":"","site-post-title":"","ast-breadcrumbs-content":"","ast-featured-img":"","footer-sml-layout":"","ast-disable-related-posts":"","theme-transparent-header-meta":"default","adv-header-id-meta":"","stick-header-meta":"","header-above-stick-meta":"","header-main-stick-meta":"","header-below-stick-meta":"","astra-migrate-meta-layouts":"set","ast-page-background-enabled":"default","ast-page-background-meta":{"desktop":{"background-color":"var(--ast-global-color-5)","background-image":"","background-repeat":"repeat","background-position":"center center","background-size":"auto","background-attachment":"scroll","background-type":"","background-media":"","overlay-type":"","overlay-color":"","overlay-opacity":"","overlay-gradient":""},"tablet":{"background-color":"","background-image":"","background-repeat":"repeat","background-position":"center center","background-size":"auto","background-attachment":"scroll","background-type":"","background-media":"","overlay-type":"","overlay-color":"","overlay-opacity":"","overlay-gradient":""},"mobile":{"background-color":"","background-image":"","background-repeat":"repeat","background-position":"center center","background-size":"auto","background-attachment":"scroll","background-type":"","background-media":"","overlay-type":"","overlay-color":"","overlay-opacity":"","overlay-gradient":""}},"ast-content-background-meta":{"desktop":{"background-color":"var(--ast-global-color-4)","background-image":"","background-repeat":"repeat","background-position":"center center","background-size":"auto","background-attachment":"scroll","background-type":"","background-media":"","overlay-type":"","overlay-color":"","overlay-opacity":"","overlay-gradient":""},"tablet":{"background-color":"var(--ast-global-color-4)","background-image":"","background-repeat":"repeat","background-position":"center center","background-size":"auto","background-attachment":"scroll","background-type":"","background-media":"","overlay-type":"","overlay-color":"","overlay-opacity":"","overlay-gradient":""},"mobile":{"background-color":"var(--ast-global-color-4)","background-image":"","background-repeat":"repeat","background-position":"center center","background-size":"auto","background-attachment":"scroll","background-type":"","background-media":"","overlay-type":"","overlay-color":"","overlay-opacity":"","overlay-gradient":""}},"_joinchat":[]},"product_brand":[],"product_cat":[21],"product_tag":[],"class_list":{"0":"post-50","1":"product","2":"type-product","3":"status-publish","4":"has-post-thumbnail","6":"product_cat-accesorios","7":"desktop-align-center","8":"tablet-align-left","9":"mobile-align-center","11":"first","12":"instock","13":"sale","14":"shipping-taxable","15":"purchasable","16":"product-type-simple"},"aioseo_notices":[],"uagb_featured_image_src":{"full":["https:\/\/adosruedasimport.com\/wp-content\/uploads\/2026\/02\/soporte-antivibracion-1.png",1080,1080,false],"thumbnail":["https:\/\/adosruedasimport.com\/wp-content\/uploads\/2026\/02\/soporte-antivibracion-1.png",150,150,false],"medium":["https:\/\/adosruedasimport.com\/wp-content\/uploads\/2026\/02\/soporte-antivibracion-1.png",300,300,false],"medium_large":["https:\/\/adosruedasimport.com\/wp-content\/uploads\/2026\/02\/soporte-antivibracion-1.png",768,768,false],"large":["https:\/\/adosruedasimport.com\/wp-content\/uploads\/2026\/02\/soporte-antivibracion-1.png",1024,1024,false],"1536x1536":["https:\/\/adosruedasimport.com\/wp-content\/uploads\/2026\/02\/soporte-antivibracion-1.png",1080,1080,false],"2048x2048":["https:\/\/adosruedasimport.com\/wp-content\/uploads\/2026\/02\/soporte-antivibracion-1.png",1080,1080,false],"woocommerce_thumbnail":["https:\/\/adosruedasimport.com\/wp-content\/uploads\/2026\/02\/soporte-antivibracion-1.png",300,300,false],"woocommerce_single":["https:\/\/adosruedasimport.com\/wp-content\/uploads\/2026\/02\/soporte-antivibracion-1.png",600,600,false],"woocommerce_gallery_thumbnail":["https:\/\/adosruedasimport.com\/wp-content\/uploads\/2026\/02\/soporte-antivibracion-1.png",100,100,false],"variation_swatches_image_size":["https:\/\/adosruedasimport.com\/wp-content\/uploads\/2026\/02\/soporte-antivibracion-1.png",50,50,false],"variation_swatches_tooltip_size":["https:\/\/adosruedasimport.com\/wp-content\/uploads\/2026\/02\/soporte-antivibracion-1.png",100,100,false],"dgwt-wcas-product-suggestion":["https:\/\/adosruedasimport.com\/wp-content\/uploads\/2026\/02\/soporte-antivibracion-1.png",64,64,false]},"uagb_author_info":{"display_name":"adosruedas","author_link":"https:\/\/adosruedasimport.com\/index.php\/author\/"},"uagb_comment_info":0,"uagb_excerpt":"Material: Aluminio Base: espejo\/tim\u00f3n 8 agarres Soporte anti vibraci\u00f3n","_links":{"self":[{"href":"https:\/\/adosruedasimport.com\/index.php\/wp-json\/wp\/v2\/product\/50","targetHints":{"allow":["GET"]}}],"collection":[{"href":"https:\/\/adosruedasimport.com\/index.php\/wp-json\/wp\/v2\/product"}],"about":[{"href":"https:\/\/adosruedasimport.com\/index.php\/wp-json\/wp\/v2\/types\/product"}],"replies":[{"embeddable":true,"href":"https:\/\/adosruedasimport.com\/index.php\/wp-json\/wp\/v2\/comments?post=50"}],"wp:featuredmedia":[{"embeddable":true,"href":"https:\/\/adosruedasimport.com\/index.php\/wp-json\/wp\/v2\/media\/51"}],"wp:attachment":[{"href":"https:\/\/adosruedasimport.com\/index.php\/wp-json\/wp\/v2\/media?parent=50"}],"wp:term":[{"taxonomy":"product_brand","embeddable":true,"href":"https:\/\/adosruedasimport.com\/index.php\/wp-json\/wp\/v2\/product_brand?post=50"},{"taxonomy":"product_cat","embeddable":true,"href":"https:\/\/adosruedasimport.com\/index.php\/wp-json\/wp\/v2\/product_cat?post=50"},{"taxonomy":"product_tag","embeddable":true,"href":"https:\/\/adosruedasimport.com\/index.php\/wp-json\/wp\/v2\/product_tag?post=50"}],"curies":[{"name":"wp","href":"https:\/\/api.w.org\/{rel}","templated":true}]}}